{"id":4716,"date":"2021-07-28T10:36:51","date_gmt":"2021-07-28T10:36:51","guid":{"rendered":"https:\/\/demoapus2.com\/freshen\/wishlist\/"},"modified":"2024-06-12T14:13:06","modified_gmt":"2024-06-12T07:13:06","slug":"danhsachyeuthich","status":"publish","type":"page","link":"https:\/\/tamchannuoc.vn\/ja\/danhsachyeuthich\/","title":{"rendered":"\u304a\u6c17\u306b\u5165\u308a\u30ea\u30b9\u30c8"},"content":{"rendered":"<div data-elementor-type=\"wp-page\" data-elementor-id=\"4716\" class=\"elementor elementor-4716\">\n\t\t\t\t\t\t\t\t\t<section class=\"elementor-section elementor-top-section elementor-element elementor-element-5a6ab075 elementor-section-boxed elementor-section-height-default elementor-section-height-default\" data-id=\"5a6ab075\" data-element_type=\"section\">\n\t\t\t\t\t\t<div class=\"elementor-container elementor-column-gap-default\">\n\t\t\t\t\t<div class=\"elementor-column elementor-col-100 elementor-top-column elementor-element elementor-element-15657801\" data-id=\"15657801\" data-element_type=\"column\">\n\t\t\t<div class=\"elementor-widget-wrap elementor-element-populated\">\n\t\t\t\t\t\t\t\t<div class=\"elementor-element elementor-element-32a6f8 elementor-widget elementor-widget-shortcode\" data-id=\"32a6f8\" data-element_type=\"widget\" data-widget_type=\"shortcode.default\">\n\t\t\t\t<div class=\"elementor-widget-container\">\n\t\t\t\t\t<div class=\"elementor-shortcode\">\n\n\n\n<form id=\"yith-wcwl-form\" action=\"https:\/\/tamchannuoc.vn\/ja\/wishlist\/\" method=\"post\" class=\"woocommerce yith-wcwl-form wishlist-fragment\" data-fragment-options=\"{&quot;per_page&quot;:5,&quot;current_page&quot;:1,&quot;pagination&quot;:&quot;no&quot;,&quot;wishlist_id&quot;:false,&quot;action_params&quot;:false,&quot;no_interactions&quot;:false,&quot;layout&quot;:&quot;&quot;,&quot;wishlist&quot;:false,&quot;is_default&quot;:true,&quot;is_custom_list&quot;:false,&quot;wishlist_token&quot;:&quot;&quot;,&quot;is_private&quot;:false,&quot;count&quot;:0,&quot;page_title&quot;:&quot;Danh s\\u00e1ch s\\u1ea3n ph\\u1ea9m y\\u00eau th\\u00edch&quot;,&quot;default_wishlsit_title&quot;:&quot;Danh s\\u00e1ch s\\u1ea3n ph\\u1ea9m y\\u00eau th\\u00edch&quot;,&quot;page_links&quot;:false,&quot;is_user_logged_in&quot;:false,&quot;is_user_owner&quot;:true,&quot;can_user_edit_title&quot;:false,&quot;show_price&quot;:true,&quot;show_dateadded&quot;:false,&quot;show_stock_status&quot;:true,&quot;show_add_to_cart&quot;:true,&quot;show_remove_product&quot;:true,&quot;add_to_cart_text&quot;:&quot;Th\\u00eam v\\u00e0o&quot;,&quot;show_ask_estimate_button&quot;:false,&quot;ask_estimate_url&quot;:&quot;&quot;,&quot;price_excl_tax&quot;:true,&quot;show_cb&quot;:false,&quot;show_quantity&quot;:false,&quot;show_variation&quot;:false,&quot;show_price_variations&quot;:false,&quot;show_update&quot;:false,&quot;enable_drag_n_drop&quot;:false,&quot;enable_add_all_to_cart&quot;:false,&quot;move_to_another_wishlist&quot;:false,&quot;repeat_remove_button&quot;:false,&quot;show_last_column&quot;:true,&quot;heading_icon&quot;:&quot;&lt;i class=\\&quot;fa fa-heart-o\\&quot;&gt;&lt;\\\/i&gt;&quot;,&quot;share_enabled&quot;:false,&quot;template_part&quot;:&quot;view&quot;,&quot;additional_info&quot;:false,&quot;available_multi_wishlist&quot;:false,&quot;form_action&quot;:&quot;https:\\\/\\\/tamchannuoc.vn\\\/ja\\\/wishlist\\\/&quot;,&quot;item&quot;:&quot;wishlist&quot;}\" data-trp-original-action=\"https:\/\/tamchannuoc.vn\/ja\/wishlist\/\">\n\n\t<!-- TITLE -->\n\t\t\t<div class=\"wishlist-title-container\">\n\t\t\t<div class=\"wishlist-title\">\n\t\t\t\t<h2>Danh s\u00e1ch s\u1ea3n ph\u1ea9m y\u00eau th\u00edch<\/h2>\t\t\t\t\t\t\t<\/div>\n\t\t\t\t\t<\/div>\n\t\t\n\n<!-- WISHLIST TABLE -->\n<table\n\tclass=\"shop_table cart wishlist_table wishlist_view traditional responsive\"\n\tdata-pagination=\"no\" data-per-page=\"5\" data-page=\"1\"\n\tdata-id=\"\" data-token=\"\">\n\n\t\n\t<thead>\n\t<tr>\n\t\t\n\t\t\t\t\t\t\t\t<th class=\"product-remove\">\n\t\t\t\t<span class=\"nobr\">\n\t\t\t\t\t\t\t\t\t<\/span>\n\t\t\t<\/th>\n\t\t\n\t\t<th class=\"product-thumbnail\"><\/th>\n\n\t\t<th class=\"product-name\">\n\t\t\t<span class=\"nobr\">\n\t\t\t\t\u5546\u54c1\u540d\t\t\t<\/span>\n\t\t<\/th>\n\n\t\t\t\t\t\t\t\t<th class=\"product-price\">\n\t\t\t\t<span class=\"nobr\">\n\t\t\t\t\t\u5546\u54c1\u5358\u4fa1\t\t\t\t<\/span>\n\t\t\t<\/th>\n\t\t\n\t\t\n\t\t\t\t\t\t\t\t<th class=\"product-stock-status\">\n\t\t\t\t<span class=\"nobr\">\n\t\t\t\t\t\u5728\u5eab\u72b6\u6cc1\t\t\t\t<\/span>\n\t\t\t<\/th>\n\t\t\n\t\t\t\t\t\t\t\t<th class=\"product-add-to-cart\">\n\t\t\t\t<span class=\"nobr\">\n\t\t\t\t\t\t\t\t\t<\/span>\n\t\t\t<\/th>\n\t\t\n\t\t\t<\/tr>\n\t<\/thead>\n\n\t<tbody class=\"wishlist-items-wrapper\">\n\t\t\t<tr>\n\t\t\t\t\t\t<td colspan=\"6\" class=\"wishlist-empty\">\u304a\u6c17\u306b\u5165\u308a\u30ea\u30b9\u30c8\u306b\u5546\u54c1\u304c\u3042\u308a\u307e\u305b\u3093<\/td>\n\t\t<\/tr>\n\t\t\t<\/tbody>\n\n<\/table>\n\n\t<div class=\"yith_wcwl_wishlist_footer\">\n\t\t\n\n\t\t\n\n\t\t\n\t\t\t<\/div>\n\n\t<input type=\"hidden\" id=\"yith_wcwl_edit_wishlist\" name=\"yith_wcwl_edit_wishlist\" value=\"7b963cdbaa\" \/><input type=\"hidden\" name=\"_wp_http_referer\" value=\"\/ja\/wp-json\/wp\/v2\/pages\/4716\" \/>\t<input type=\"hidden\" value=\"\" name=\"wishlist_id\" id=\"wishlist_id\">\n\n\t\n<input type=\"hidden\" name=\"trp-form-language\" value=\"ja\"\/><\/form>\n\n\n\n<\/div>\n\t\t\t\t<\/div>\n\t\t\t\t<\/div>\n\t\t\t\t\t<\/div>\n\t\t<\/div>\n\t\t\t\t\t\t\t<\/div>\n\t\t<\/section>\n\t\t\t\t\t\t\t<\/div>","protected":false},"excerpt":{"rendered":"","protected":false},"author":2,"featured_media":0,"parent":0,"menu_order":0,"comment_status":"closed","ping_status":"closed","template":"","meta":{"footnotes":""},"class_list":["post-4716","page","type-page","status-publish","hentry"],"yoast_head":"<!-- This site is optimized with the Yoast SEO Premium plugin v23.3 (Yoast SEO v23.4) - https:\/\/yoast.com\/wordpress\/plugins\/seo\/ -->\n<title>Danh s\u00e1ch y\u00eau th\u00edch - Vina Chububika<\/title>\n<meta name=\"robots\" content=\"index, follow, max-snippet:-1, max-image-preview:large, max-video-preview:-1\" \/>\n<link rel=\"canonical\" href=\"https:\/\/tamchannuoc.vn\/ja\/danhsachyeuthich\/\" \/>\n<meta property=\"og:locale\" content=\"ja_JP\" \/>\n<meta property=\"og:type\" content=\"article\" \/>\n<meta property=\"og:title\" content=\"Danh s\u00e1ch y\u00eau th\u00edch\" \/>\n<meta property=\"og:url\" content=\"https:\/\/tamchannuoc.vn\/ja\/danhsachyeuthich\/\" \/>\n<meta property=\"og:site_name\" content=\"Vina Chububika\" \/>\n<meta property=\"article:publisher\" content=\"https:\/\/www.facebook.com\/vnchububika\" \/>\n<meta property=\"article:modified_time\" content=\"2024-06-12T07:13:06+00:00\" \/>\n<meta property=\"og:image\" content=\"https:\/\/tamchannuoc.vn\/wp-content\/uploads\/2021\/08\/9c5d0d8cab61053f5c70.jpg\" \/>\n\t<meta property=\"og:image:width\" content=\"1280\" \/>\n\t<meta property=\"og:image:height\" content=\"604\" \/>\n\t<meta property=\"og:image:type\" content=\"image\/jpeg\" \/>\n<meta name=\"twitter:card\" content=\"summary_large_image\" \/>\n<script type=\"application\/ld+json\" class=\"yoast-schema-graph\">{\"@context\":\"https:\/\/schema.org\",\"@graph\":[{\"@type\":\"WebPage\",\"@id\":\"https:\/\/tamchannuoc.vn\/danhsachyeuthich\/\",\"url\":\"https:\/\/tamchannuoc.vn\/danhsachyeuthich\/\",\"name\":\"Danh s\u00e1ch y\u00eau th\u00edch - Vina Chububika\",\"isPartOf\":{\"@id\":\"https:\/\/tamchannuoc.vn\/#website\"},\"datePublished\":\"2021-07-28T10:36:51+00:00\",\"dateModified\":\"2024-06-12T07:13:06+00:00\",\"breadcrumb\":{\"@id\":\"https:\/\/tamchannuoc.vn\/danhsachyeuthich\/#breadcrumb\"},\"inLanguage\":\"ja\",\"potentialAction\":[{\"@type\":\"ReadAction\",\"target\":[\"https:\/\/tamchannuoc.vn\/danhsachyeuthich\/\"]}]},{\"@type\":\"BreadcrumbList\",\"@id\":\"https:\/\/tamchannuoc.vn\/danhsachyeuthich\/#breadcrumb\",\"itemListElement\":[{\"@type\":\"ListItem\",\"position\":1,\"name\":\"Trang ch\u1ee7\",\"item\":\"https:\/\/tamchannuoc.vn\/\"},{\"@type\":\"ListItem\",\"position\":2,\"name\":\"Danh s\u00e1ch y\u00eau th\u00edch\"}]},{\"@type\":\"WebSite\",\"@id\":\"https:\/\/tamchannuoc.vn\/#website\",\"url\":\"https:\/\/tamchannuoc.vn\/\",\"name\":\"Vina Chububika\",\"description\":\"C\u1eeda ch\u1eafn n\u01b0\u1edbc Nh\u1eadt B\u1ea3n\",\"publisher\":{\"@id\":\"https:\/\/tamchannuoc.vn\/#organization\"},\"alternateName\":\"T\u1ea5m ch\u1eafn n\u01b0\u1edbc\",\"potentialAction\":[{\"@type\":\"SearchAction\",\"target\":{\"@type\":\"EntryPoint\",\"urlTemplate\":\"https:\/\/tamchannuoc.vn\/?s={search_term_string}\"},\"query-input\":{\"@type\":\"PropertyValueSpecification\",\"valueRequired\":true,\"valueName\":\"search_term_string\"}}],\"inLanguage\":\"ja\"},{\"@type\":\"Organization\",\"@id\":\"https:\/\/tamchannuoc.vn\/#organization\",\"name\":\"Vina Chububika\",\"alternateName\":\"Chububika\",\"url\":\"https:\/\/tamchannuoc.vn\/\",\"logo\":{\"@type\":\"ImageObject\",\"inLanguage\":\"ja\",\"@id\":\"https:\/\/tamchannuoc.vn\/#\/schema\/logo\/image\/\",\"url\":\"https:\/\/tamchannuoc.vn\/wp-content\/uploads\/2021\/08\/9c5d0d8cab61053f5c70.jpg\",\"contentUrl\":\"https:\/\/tamchannuoc.vn\/wp-content\/uploads\/2021\/08\/9c5d0d8cab61053f5c70.jpg\",\"width\":1280,\"height\":604,\"caption\":\"Vina Chububika\"},\"image\":{\"@id\":\"https:\/\/tamchannuoc.vn\/#\/schema\/logo\/image\/\"},\"sameAs\":[\"https:\/\/www.facebook.com\/vnchububika\"],\"description\":\"Thi\u1ebft k\u1ebf, ph\u00e1t tri\u1ec3n v\u00e0 cung c\u1ea5p c\u00e1c s\u1ea3n ph\u1ea9m ti\u1ec7n \u00edch, hi\u1ec7u qu\u1ea3 cao trong l\u0129nh v\u1ef1c k\u1ef9 thu\u1eadt d\u00e2n d\u1ee5ng, n\u00f4ng nghi\u1ec7p, c\u1ea5p tho\u00e1t n\u01b0\u1edbc v\u00e0 c\u00e1c bi\u1ec7n ph\u00e1p ph\u00f2ng ch\u1ed1ng l\u0169 l\u1ee5t\",\"email\":\"vina.chububika.sales@gmail.com\",\"telephone\":\"0983887758\",\"legalName\":\"VINA CHUBUBIKA\",\"foundingDate\":\"2018-06-06\",\"taxID\":\"0315093576\",\"numberOfEmployees\":{\"@type\":\"QuantitativeValue\",\"minValue\":\"1\",\"maxValue\":\"10\"}}]}<\/script>\n<!-- \/ Yoast SEO Premium plugin. -->","yoast_head_json":{"title":"Danh s\u00e1ch y\u00eau th\u00edch - Vina Chububika","robots":{"index":"index","follow":"follow","max-snippet":"max-snippet:-1","max-image-preview":"max-image-preview:large","max-video-preview":"max-video-preview:-1"},"canonical":"https:\/\/tamchannuoc.vn\/ja\/danhsachyeuthich\/","og_locale":"ja_JP","og_type":"article","og_title":"Danh s\u00e1ch y\u00eau th\u00edch","og_url":"https:\/\/tamchannuoc.vn\/ja\/danhsachyeuthich\/","og_site_name":"Vina Chububika","article_publisher":"https:\/\/www.facebook.com\/vnchububika","article_modified_time":"2024-06-12T07:13:06+00:00","og_image":[{"width":1280,"height":604,"url":"https:\/\/tamchannuoc.vn\/wp-content\/uploads\/2021\/08\/9c5d0d8cab61053f5c70.jpg","type":"image\/jpeg"}],"twitter_card":"summary_large_image","schema":{"@context":"https:\/\/schema.org","@graph":[{"@type":"WebPage","@id":"https:\/\/tamchannuoc.vn\/danhsachyeuthich\/","url":"https:\/\/tamchannuoc.vn\/danhsachyeuthich\/","name":"Danh s\u00e1ch y\u00eau th\u00edch - Vina Chububika","isPartOf":{"@id":"https:\/\/tamchannuoc.vn\/#website"},"datePublished":"2021-07-28T10:36:51+00:00","dateModified":"2024-06-12T07:13:06+00:00","breadcrumb":{"@id":"https:\/\/tamchannuoc.vn\/danhsachyeuthich\/#breadcrumb"},"inLanguage":"ja","potentialAction":[{"@type":"ReadAction","target":["https:\/\/tamchannuoc.vn\/danhsachyeuthich\/"]}]},{"@type":"BreadcrumbList","@id":"https:\/\/tamchannuoc.vn\/danhsachyeuthich\/#breadcrumb","itemListElement":[{"@type":"ListItem","position":1,"name":"Trang ch\u1ee7","item":"https:\/\/tamchannuoc.vn\/"},{"@type":"ListItem","position":2,"name":"Danh s\u00e1ch y\u00eau th\u00edch"}]},{"@type":"WebSite","@id":"https:\/\/tamchannuoc.vn\/#website","url":"https:\/\/tamchannuoc.vn\/","name":"Vina Chububika","description":"C\u1eeda ch\u1eafn n\u01b0\u1edbc Nh\u1eadt B\u1ea3n","publisher":{"@id":"https:\/\/tamchannuoc.vn\/#organization"},"alternateName":"T\u1ea5m ch\u1eafn n\u01b0\u1edbc","potentialAction":[{"@type":"SearchAction","target":{"@type":"EntryPoint","urlTemplate":"https:\/\/tamchannuoc.vn\/?s={search_term_string}"},"query-input":{"@type":"PropertyValueSpecification","valueRequired":true,"valueName":"search_term_string"}}],"inLanguage":"ja"},{"@type":"Organization","@id":"https:\/\/tamchannuoc.vn\/#organization","name":"Vina Chububika","alternateName":"Chububika","url":"https:\/\/tamchannuoc.vn\/","logo":{"@type":"ImageObject","inLanguage":"ja","@id":"https:\/\/tamchannuoc.vn\/#\/schema\/logo\/image\/","url":"https:\/\/tamchannuoc.vn\/wp-content\/uploads\/2021\/08\/9c5d0d8cab61053f5c70.jpg","contentUrl":"https:\/\/tamchannuoc.vn\/wp-content\/uploads\/2021\/08\/9c5d0d8cab61053f5c70.jpg","width":1280,"height":604,"caption":"Vina Chububika"},"image":{"@id":"https:\/\/tamchannuoc.vn\/#\/schema\/logo\/image\/"},"sameAs":["https:\/\/www.facebook.com\/vnchububika"],"description":"Thi\u1ebft k\u1ebf, ph\u00e1t tri\u1ec3n v\u00e0 cung c\u1ea5p c\u00e1c s\u1ea3n ph\u1ea9m ti\u1ec7n \u00edch, hi\u1ec7u qu\u1ea3 cao trong l\u0129nh v\u1ef1c k\u1ef9 thu\u1eadt d\u00e2n d\u1ee5ng, n\u00f4ng nghi\u1ec7p, c\u1ea5p tho\u00e1t n\u01b0\u1edbc v\u00e0 c\u00e1c bi\u1ec7n ph\u00e1p ph\u00f2ng ch\u1ed1ng l\u0169 l\u1ee5t","email":"vina.chububika.sales@gmail.com","telephone":"0983887758","legalName":"VINA CHUBUBIKA","foundingDate":"2018-06-06","taxID":"0315093576","numberOfEmployees":{"@type":"QuantitativeValue","minValue":"1","maxValue":"10"}}]}},"_links":{"self":[{"href":"https:\/\/tamchannuoc.vn\/ja\/wp-json\/wp\/v2\/pages\/4716","targetHints":{"allow":["GET"]}}],"collection":[{"href":"https:\/\/tamchannuoc.vn\/ja\/wp-json\/wp\/v2\/pages"}],"about":[{"href":"https:\/\/tamchannuoc.vn\/ja\/wp-json\/wp\/v2\/types\/page"}],"author":[{"embeddable":true,"href":"https:\/\/tamchannuoc.vn\/ja\/wp-json\/wp\/v2\/users\/2"}],"replies":[{"embeddable":true,"href":"https:\/\/tamchannuoc.vn\/ja\/wp-json\/wp\/v2\/comments?post=4716"}],"version-history":[{"count":0,"href":"https:\/\/tamchannuoc.vn\/ja\/wp-json\/wp\/v2\/pages\/4716\/revisions"}],"wp:attachment":[{"href":"https:\/\/tamchannuoc.vn\/ja\/wp-json\/wp\/v2\/media?parent=4716"}],"curies":[{"name":"wp","href":"https:\/\/api.w.org\/{rel}","templated":true}]}}