{"id":35,"date":"2021-07-29T04:45:51","date_gmt":"2021-07-29T04:45:51","guid":{"rendered":"https:\/\/demoapus2.com\/freshen\/?page_id=35"},"modified":"2025-07-22T09:13:14","modified_gmt":"2025-07-22T02:13:14","slug":"lienhe","status":"publish","type":"page","link":"https:\/\/tamchannuoc.vn\/ja\/lienhe\/","title":{"rendered":"\u304a\u554f\u3044\u5408\u308f\u305b"},"content":{"rendered":"<div data-elementor-type=\"wp-page\" data-elementor-id=\"35\" class=\"elementor elementor-35\">\n\t\t\t\t\t\t\t\t\t<section class=\"elementor-section elementor-top-section elementor-element elementor-element-31800e5 elementor-section-stretched elementor-section-boxed elementor-section-height-default elementor-section-height-default\" data-id=\"31800e5\" data-element_type=\"section\" data-settings=\"{&quot;stretch_section&quot;:&quot;section-stretched&quot;}\">\n\t\t\t\t\t\t<div class=\"elementor-container elementor-column-gap-extended\">\n\t\t\t\t\t<div class=\"elementor-column elementor-col-50 elementor-top-column elementor-element elementor-element-1a6d779\" data-id=\"1a6d779\" data-element_type=\"column\">\n\t\t\t<div class=\"elementor-widget-wrap elementor-element-populated\">\n\t\t\t\t\t\t\t\t<div class=\"elementor-element elementor-element-1a1f826 elementor-widget elementor-widget-heading\" data-id=\"1a1f826\" data-element_type=\"widget\" data-widget_type=\"heading.default\">\n\t\t\t\t<div class=\"elementor-widget-container\">\n\t\t\t<style>\/*! elementor - v3.12.2 - 23-04-2023 *\/\n.elementor-heading-title{padding:0;margin:0;line-height:1}.elementor-widget-heading .elementor-heading-title[class*=elementor-size-]>a{color:inherit;font-size:inherit;line-height:inherit}.elementor-widget-heading .elementor-heading-title.elementor-size-small{font-size:15px}.elementor-widget-heading .elementor-heading-title.elementor-size-medium{font-size:19px}.elementor-widget-heading .elementor-heading-title.elementor-size-large{font-size:29px}.elementor-widget-heading .elementor-heading-title.elementor-size-xl{font-size:39px}.elementor-widget-heading .elementor-heading-title.elementor-size-xxl{font-size:59px}<\/style><h2 class=\"elementor-heading-title elementor-size-default\">th\u00f4ng tin li\u00ean h\u1ec7<\/h2>\t\t<\/div>\n\t\t\t\t<\/div>\n\t\t\t\t<div class=\"elementor-element elementor-element-7d2c0e4 elementor-widget elementor-widget-apus_element_list_icon\" data-id=\"7d2c0e4\" data-element_type=\"widget\" data-widget_type=\"apus_element_list_icon.default\">\n\t\t\t\t<div class=\"elementor-widget-container\">\n\t\t\t            <div class=\"widget-list-icon\">\n                                                <div class=\"list-icon style1\">\n                                    <div class=\"features-box-image img\"><a href=\"https:\/\/maps.app.goo.gl\/ujkJXDqtveskwRmKA\" target=\"_self\" ><img decoding=\"async\" src=\"https:\/\/tamchannuoc.vn\/wp-content\/uploads\/elementor\/thumbs\/location-qt7wqil1xp9tc4pu1q2e9u3j9wjxckdyhy20pvfxqo.png\" title=\"location\" alt=\"location\" loading=\"lazy\" \/><\/a><\/div><div class=\"box-content\"><a href=\"https:\/\/maps.app.goo.gl\/ujkJXDqtveskwRmKA\" target=\"_self\" ><h3 class=\"title\">\u30d9\u30c8\u30ca\u30e0\u4e8b\u52d9\u6240<\/h3><\/a><div class=\"description\">S\u1ed1 6-6A \u0110\u01b0\u1eddng D52, Ph\u01b0\u1eddng B\u1ea3y Hi\u1ec1n, Th\u00e0nh ph\u1ed1 H\u1ed3 Ch\u00ed Minh.<\/div><\/div>\n                            <\/div>\n                                <\/div>\n            \t\t<\/div>\n\t\t\t\t<\/div>\n\t\t\t\t<div class=\"elementor-element elementor-element-1324141 elementor-widget elementor-widget-apus_element_list_icon\" data-id=\"1324141\" data-element_type=\"widget\" data-widget_type=\"apus_element_list_icon.default\">\n\t\t\t\t<div class=\"elementor-widget-container\">\n\t\t\t            <div class=\"widget-list-icon\">\n                                                <div class=\"list-icon style1\">\n                                    <div class=\"features-box-image img\"><a href=\"tel:0983887758\" target=\"_self\" ><img decoding=\"async\" src=\"https:\/\/tamchannuoc.vn\/wp-content\/uploads\/elementor\/thumbs\/phone-call-qt7wqcy0sp23egy0ynmmuvirplbq2drkh653u7oas0.png\" title=\"phone-call\" alt=\"phone-call\" loading=\"lazy\" \/><\/a><\/div><div class=\"box-content\"><a href=\"tel:0983887758\" target=\"_self\" ><h3 class=\"title\">TEL<\/h3><\/a><div class=\"description\">0983 88 77 58<\/div><\/div>\n                            <\/div>\n                                <\/div>\n            \t\t<\/div>\n\t\t\t\t<\/div>\n\t\t\t\t<div class=\"elementor-element elementor-element-a912823 elementor-widget elementor-widget-apus_element_list_icon\" data-id=\"a912823\" data-element_type=\"widget\" data-widget_type=\"apus_element_list_icon.default\">\n\t\t\t\t<div class=\"elementor-widget-container\">\n\t\t\t            <div class=\"widget-list-icon\">\n                                                <div class=\"list-icon style1\">\n                                    <div class=\"features-box-image img\"><a href=\"mailto:vina.chububika.sales@gmail.com\" target=\"_self\" ><img decoding=\"async\" src=\"https:\/\/tamchannuoc.vn\/wp-content\/uploads\/elementor\/thumbs\/gmail-qt7wq96o1cwy413hkm04kwgxc1u97lcn4nj5x3tvgw.png\" title=\"gmail\" alt=\"gmail\" loading=\"lazy\" \/><\/a><\/div><div class=\"box-content\"><a href=\"mailto:vina.chububika.sales@gmail.com\" target=\"_self\" ><h3 class=\"title\">EMAIL <\/h3><\/a><div class=\"description\">vina.chububika.sales@gmail.com<\/div><\/div>\n                            <\/div>\n                                <\/div>\n            \t\t<\/div>\n\t\t\t\t<\/div>\n\t\t\t\t<div class=\"elementor-element elementor-element-6eb91a0 elementor-widget elementor-widget-apus_element_list_icon\" data-id=\"6eb91a0\" data-element_type=\"widget\" data-widget_type=\"apus_element_list_icon.default\">\n\t\t\t\t<div class=\"elementor-widget-container\">\n\t\t\t            <div class=\"widget-list-icon\">\n                                                <div class=\"list-icon style1\">\n                                    <div class=\"features-box-image img\"><a href=\"https:\/\/zalo.me\/0983887758\" target=\"_self\" ><img decoding=\"async\" src=\"https:\/\/tamchannuoc.vn\/wp-content\/uploads\/elementor\/thumbs\/7044033_zalo_icon-qt7wpzsa50k2vxh53hxuvyube74l2mbbrd0b4c7t74.png\" title=\"7044033_zalo_icon\" alt=\"7044033_zalo_icon\" loading=\"lazy\" \/><\/a><\/div><div class=\"box-content\"><a href=\"https:\/\/zalo.me\/0983887758\" target=\"_self\" ><h3 class=\"title\">ZALO <\/h3><\/a><div class=\"description\">VINA CHUBUBIKA \u4f01\u696d\u682a\u5f0f\u4f1a\u793e<\/div><\/div>\n                            <\/div>\n                                <\/div>\n            \t\t<\/div>\n\t\t\t\t<\/div>\n\t\t\t\t<div class=\"elementor-element elementor-element-e618db8 elementor-widget elementor-widget-apus_element_list_icon\" data-id=\"e618db8\" data-element_type=\"widget\" data-widget_type=\"apus_element_list_icon.default\">\n\t\t\t\t<div class=\"elementor-widget-container\">\n\t\t\t            <div class=\"widget-list-icon\">\n                                                <div class=\"list-icon style1\">\n                                    <div class=\"features-box-image img\"><a href=\"https:\/\/www.facebook.com\/messages\/t\/110525537342365\" target=\"_self\" ><img decoding=\"async\" src=\"https:\/\/tamchannuoc.vn\/wp-content\/uploads\/elementor\/thumbs\/messenger-qt7wedi3nqnhdgcpxz4vkee71qe8xb6rtup8k7g040.png\" title=\"messenger\" alt=\"messenger\" loading=\"lazy\" \/><\/a><\/div><div class=\"box-content\"><a href=\"https:\/\/www.facebook.com\/messages\/t\/110525537342365\" target=\"_self\" ><h3 class=\"title\">Messenger<\/h3><\/a><div class=\"description\">VINA CHUBUBIKA \u4f01\u696d\u682a\u5f0f\u4f1a\u793e<\/div><\/div>\n                            <\/div>\n                                <\/div>\n            \t\t<\/div>\n\t\t\t\t<\/div>\n\t\t\t\t<div class=\"elementor-element elementor-element-8f78568 elementor-widget elementor-widget-apus_element_list_icon\" data-id=\"8f78568\" data-element_type=\"widget\" data-widget_type=\"apus_element_list_icon.default\">\n\t\t\t\t<div class=\"elementor-widget-container\">\n\t\t\t            <div class=\"widget-list-icon\">\n                                                <div class=\"list-icon style1\">\n                                    <div class=\"features-box-image img\"><img decoding=\"async\" src=\"https:\/\/tamchannuoc.vn\/wp-content\/uploads\/elementor\/thumbs\/calendar-qt7wq4hh36qihzabc1yzqfnmd4hf53tzg09qiq0uc0.png\" title=\"calendar\" alt=\"calendar\" loading=\"lazy\" \/><\/div><div class=\"box-content\"><h3 class=\"title\">\u50cd\u304f\u6642\u9593<\/h3><div class=\"description\">\u6708\u66dc\u65e5\u304b\u3089\u91d1\u66dc\u65e5\uff1a8:00\u201517:00<\/div><\/div>\n                            <\/div>\n                                <\/div>\n            \t\t<\/div>\n\t\t\t\t<\/div>\n\t\t\t\t\t<\/div>\n\t\t<\/div>\n\t\t\t\t<div class=\"elementor-column elementor-col-50 elementor-top-column elementor-element elementor-element-4ac549f\" data-id=\"4ac549f\" data-element_type=\"column\" data-settings=\"{&quot;background_background&quot;:&quot;classic&quot;}\">\n\t\t\t<div class=\"elementor-widget-wrap elementor-element-populated\">\n\t\t\t\t\t\t\t\t<div class=\"elementor-element elementor-element-195a818 elementor-widget elementor-widget-heading\" data-id=\"195a818\" data-element_type=\"widget\" data-widget_type=\"heading.default\">\n\t\t\t\t<div class=\"elementor-widget-container\">\n\t\t\t<h2 class=\"elementor-heading-title elementor-size-default\">\u8cea\u554f\u304c\u3042\u308a\u307e\u3059\u3067\u3057\u3087\u3046\u304b\uff1f\u3054\u5165\u529b\u304a\u9858\u3044\u81f4\u3057\u307e\u3059\u3002<\/h2>\t\t<\/div>\n\t\t\t\t<\/div>\n\t\t\t\t<div class=\"elementor-element elementor-element-c6c27f4 elementor-widget elementor-widget-shortcode\" data-id=\"c6c27f4\" data-element_type=\"widget\" data-widget_type=\"shortcode.default\">\n\t\t\t\t<div class=\"elementor-widget-container\">\n\t\t\t\t\t<div class=\"elementor-shortcode\">\n<div class=\"wpcf7 no-js\" id=\"wpcf7-f1938-o1\" lang=\"en-US\" dir=\"ltr\">\n<div class=\"screen-reader-response\"><p role=\"status\" aria-live=\"polite\" aria-atomic=\"true\"><\/p> <ul><\/ul><\/div>\n<form action=\"\/ja\/wp-json\/wp\/v2\/pages\/35#wpcf7-f1938-o1\" method=\"post\" class=\"wpcf7-form init\" aria-label=\"Contact form\" novalidate=\"novalidate\" data-status=\"init\" data-trp-original-action=\"\/ja\/wp-json\/wp\/v2\/pages\/35#wpcf7-f1938-o1\">\n<div style=\"display: none;\">\n<input type=\"hidden\" name=\"_wpcf7\" value=\"1938\" \/>\n<input type=\"hidden\" name=\"_wpcf7_version\" value=\"5.7.6\" \/>\n<input type=\"hidden\" name=\"_wpcf7_locale\" value=\"en_US\" \/>\n<input type=\"hidden\" name=\"_wpcf7_unit_tag\" value=\"wpcf7-f1938-o1\" \/>\n<input type=\"hidden\" name=\"_wpcf7_container_post\" value=\"0\" \/>\n<input type=\"hidden\" name=\"_wpcf7_posted_data_hash\" value=\"\" \/>\n<\/div>\n<div class=\"row\">\n\t<div class=\"col-xs-12 col-sm-6\">\n\t\t<div class=\"form-group\">\n\t\t\t<p><label>\u540d<\/label><span class=\"wpcf7-form-control-wrap\" data-name=\"ten\"><input size=\"40\" class=\"wpcf7-form-control wpcf7-text wpcf7-validates-as-required\" aria-required=\"true\" aria-invalid=\"false\" placeholder=\"\u540d\" value=\"\" type=\"text\" name=\"ten\" \/><\/span>\n\t\t\t<\/p>\n\t\t<\/div>\n\t<\/div>\n\t<div class=\"col-xs-12 col-sm-6\">\n\t\t<div class=\"form-group\">\n\t\t\t<p><label>\u540d\u5b57<\/label><span class=\"wpcf7-form-control-wrap\" data-name=\"ho\"><input size=\"40\" class=\"wpcf7-form-control wpcf7-text wpcf7-validates-as-required\" aria-required=\"true\" aria-invalid=\"false\" placeholder=\"\u540d\u5b57\" value=\"\" type=\"text\" name=\"ho\" \/><\/span>\n\t\t\t<\/p>\n\t\t<\/div>\n\t<\/div>\n<\/div>\n<div class=\"row\">\n\t<div class=\"col-xs-12 col-sm-6\">\n\t\t<div class=\"form-group\">\n\t\t\t<p><label>Email<\/label><span class=\"wpcf7-form-control-wrap\" data-name=\"e-mail\"><input size=\"40\" class=\"wpcf7-form-control wpcf7-text wpcf7-email wpcf7-validates-as-required wpcf7-validates-as-email\" aria-required=\"true\" aria-invalid=\"false\" placeholder=\"E-mail\" value=\"\" type=\"email\" name=\"e-mail\" \/><\/span>\n\t\t\t<\/p>\n\t\t<\/div>\n\t<\/div>\n\t<div class=\"col-xs-12 col-sm-6\">\n\t\t<div class=\"form-group\">\n\t\t\t<p><label>TEL<\/label><br \/>\n<span class=\"wpcf7-form-control-wrap\" data-name=\"dien-thoai\"><input size=\"40\" class=\"wpcf7-form-control wpcf7-text wpcf7-tel wpcf7-validates-as-required wpcf7-validates-as-tel\" aria-required=\"true\" aria-invalid=\"false\" placeholder=\"TEL\" value=\"\" type=\"tel\" name=\"dien-thoai\" \/><\/span>\n\t\t\t<\/p>\n\t\t<\/div>\n\t<\/div>\n<\/div>\n<div class=\"form-group\">\n\t<p><label>Tin nh\u1eafn<\/label><br \/>\n<span class=\"wpcf7-form-control-wrap\" data-name=\"tin-nhan\"><textarea cols=\"40\" rows=\"10\" class=\"wpcf7-form-control wpcf7-textarea wpcf7-validates-as-required\" aria-required=\"true\" aria-invalid=\"false\" placeholder=\"Tin nh\u1eafn\" name=\"tin-nhan\"><\/textarea><\/span>\n\t<\/p>\n<\/div>\n<div class=\"clearfix\">\n\t<p><input class=\"wpcf7-form-control has-spinner wpcf7-submit\" type=\"submit\" value=\"G\u1eedi th\u00f4ng tin\" \/>\n\t<\/p>\n<\/div><div class=\"wpcf7-response-output\" aria-hidden=\"true\"><\/div>\n<input type=\"hidden\" name=\"trp-form-language\" value=\"ja\"\/><\/form>\n<\/div>\n<\/div>\n\t\t\t\t<\/div>\n\t\t\t\t<\/div>\n\t\t\t\t\t<\/div>\n\t\t<\/div>\n\t\t\t\t\t\t\t<\/div>\n\t\t<\/section>\n\t\t\t\t<section class=\"elementor-section elementor-top-section elementor-element elementor-element-95498b4 elementor-section-full_width elementor-section-content-middle elementor-section-stretched elementor-section-height-default elementor-section-height-default\" data-id=\"95498b4\" data-element_type=\"section\" data-settings=\"{&quot;stretch_section&quot;:&quot;section-stretched&quot;,&quot;background_background&quot;:&quot;classic&quot;}\">\n\t\t\t\t\t\t<div class=\"elementor-container elementor-column-gap-no\">\n\t\t\t\t\t<div class=\"elementor-column elementor-col-100 elementor-top-column elementor-element elementor-element-24377ca\" data-id=\"24377ca\" data-element_type=\"column\">\n\t\t\t<div class=\"elementor-widget-wrap elementor-element-populated\">\n\t\t\t\t\t\t\t\t<div class=\"elementor-element elementor-element-b7295aa elementor-widget elementor-widget-google_maps\" data-id=\"b7295aa\" data-element_type=\"widget\" data-widget_type=\"google_maps.default\">\n\t\t\t\t<div class=\"elementor-widget-container\">\n\t\t\t<style>\/*! elementor - v3.12.2 - 23-04-2023 *\/\n.elementor-widget-google_maps .elementor-widget-container{overflow:hidden}.elementor-widget-google_maps .elementor-custom-embed{line-height:0}.elementor-widget-google_maps iframe{height:300px}<\/style>\t\t<div class=\"elementor-custom-embed\">\n\t\t\t<iframe loading=\"lazy\"\n\t\t\t\t\tsrc=\"https:\/\/maps.google.com\/maps?q=6-6A%20%C4%90%C6%B0%E1%BB%9Dng%20D52%2C%20Ph%C6%B0%E1%BB%9Dng%2012%2C%20T%C3%A2n%20B%C3%ACnh%2C%20Th%C3%A0nh%20ph%E1%BB%91%20H%E1%BB%93%20Ch%C3%AD%20Minh&#038;t=m&#038;z=17&#038;output=embed&#038;iwloc=near\"\n\t\t\t\t\ttitle=\"6-6A \u0110\u01b0\u1eddng D52, Ph\u01b0\u1eddng 12, T\u00e2n B\u00ecnh, Th\u00e0nh ph\u1ed1 H\u1ed3 Ch\u00ed Minh\"\n\t\t\t\t\taria-label=\"6-6A \u0110\u01b0\u1eddng D52, Ph\u01b0\u1eddng 12, T\u00e2n B\u00ecnh, Th\u00e0nh ph\u1ed1 H\u1ed3 Ch\u00ed Minh\"\n\t\t\t><\/iframe>\n\t\t<\/div>\n\t\t\t\t<\/div>\n\t\t\t\t<\/div>\n\t\t\t\t\t<\/div>\n\t\t<\/div>\n\t\t\t\t\t\t\t<\/div>\n\t\t<\/section>\n\t\t\t\t\t\t\t<\/div>","protected":false},"excerpt":{"rendered":"<p>th\u00f4ng tin li\u00ean h\u1ec7 TR\u1ee4 S\u1ede VI\u1ec6T NAM S\u1ed1 6-6A \u0110\u01b0\u1eddng D52, Ph\u01b0\u1eddng B\u1ea3y Hi\u1ec1n, Th\u00e0nh ph\u1ed1 H\u1ed3 Ch\u00ed Minh. \u0110I\u1ec6N THO\u1ea0I 0983 88 77 58 EMAIL vina.chububika.sales@gmail.com ZALO C\u00d4NG TY TNHH VINA CHUBUBIKA Messenger C\u00d4NG TY TNHH VINA CHUBUBIKA TH\u1edcI GIAN L\u00c0M VI\u1ec6C Th\u1ee9 hai &#8211; Th\u1ee9 s\u00e1u: 8 AM &#8211; 17 PM B\u1ea0N C\u00d3 C\u00c2U H\u1eceI ? vUI L\u00d2NG \u0110I\u1ec0N TH\u00d4NG TIN<\/p>","protected":false},"author":2,"featured_media":0,"parent":0,"menu_order":0,"comment_status":"closed","ping_status":"closed","template":"","meta":{"footnotes":""},"class_list":["post-35","page","type-page","status-publish","hentry"],"yoast_head":"<!-- This site is optimized with the Yoast SEO Premium plugin v23.3 (Yoast SEO v23.4) - https:\/\/yoast.com\/wordpress\/plugins\/seo\/ -->\n<title>Li\u00ean h\u1ec7 - Vina Chububika<\/title>\n<meta name=\"robots\" content=\"index, follow, max-snippet:-1, max-image-preview:large, max-video-preview:-1\" \/>\n<link rel=\"canonical\" href=\"https:\/\/tamchannuoc.vn\/ja\/lienhe\/\" \/>\n<meta property=\"og:locale\" content=\"ja_JP\" \/>\n<meta property=\"og:type\" content=\"article\" \/>\n<meta property=\"og:title\" content=\"Li\u00ean h\u1ec7\" \/>\n<meta property=\"og:description\" content=\"th\u00f4ng tin li\u00ean h\u1ec7 TR\u1ee4 S\u1ede VI\u1ec6T NAM S\u1ed1 6-6A \u0110\u01b0\u1eddng D52, Ph\u01b0\u1eddng B\u1ea3y Hi\u1ec1n, Th\u00e0nh ph\u1ed1 H\u1ed3 Ch\u00ed Minh. \u0110I\u1ec6N THO\u1ea0I 0983 88 77 58 EMAIL vina.chububika.sales@gmail.com ZALO C\u00d4NG TY TNHH VINA CHUBUBIKA Messenger C\u00d4NG TY TNHH VINA CHUBUBIKA TH\u1edcI GIAN L\u00c0M VI\u1ec6C Th\u1ee9 hai &#8211; Th\u1ee9 s\u00e1u: 8 AM &#8211; 17 PM B\u1ea0N C\u00d3 C\u00c2U H\u1eceI ? vUI L\u00d2NG \u0110I\u1ec0N TH\u00d4NG TIN\" \/>\n<meta property=\"og:url\" content=\"https:\/\/tamchannuoc.vn\/ja\/lienhe\/\" \/>\n<meta property=\"og:site_name\" content=\"Vina Chububika\" \/>\n<meta property=\"article:publisher\" content=\"https:\/\/www.facebook.com\/vnchububika\" \/>\n<meta property=\"article:modified_time\" content=\"2025-07-22T02:13:14+00:00\" \/>\n<meta property=\"og:image\" content=\"https:\/\/tamchannuoc.vn\/wp-content\/uploads\/elementor\/thumbs\/location-qt7wqil1xp9tc4pu1q2e9u3j9wjxckdyhy20pvfxqo.png\" \/>\n<meta name=\"twitter:card\" content=\"summary_large_image\" \/>\n<meta name=\"twitter:label1\" content=\"\u63a8\u5b9a\u8aad\u307f\u53d6\u308a\u6642\u9593\" \/>\n\t<meta name=\"twitter:data1\" content=\"2\u5206\" \/>\n<script type=\"application\/ld+json\" class=\"yoast-schema-graph\">{\"@context\":\"https:\/\/schema.org\",\"@graph\":[{\"@type\":\"WebPage\",\"@id\":\"https:\/\/tamchannuoc.vn\/lienhe\/\",\"url\":\"https:\/\/tamchannuoc.vn\/lienhe\/\",\"name\":\"Li\u00ean h\u1ec7 - Vina Chububika\",\"isPartOf\":{\"@id\":\"https:\/\/tamchannuoc.vn\/#website\"},\"primaryImageOfPage\":{\"@id\":\"https:\/\/tamchannuoc.vn\/lienhe\/#primaryimage\"},\"image\":{\"@id\":\"https:\/\/tamchannuoc.vn\/lienhe\/#primaryimage\"},\"thumbnailUrl\":\"https:\/\/tamchannuoc.vn\/wp-content\/uploads\/elementor\/thumbs\/location-qt7wqil1xp9tc4pu1q2e9u3j9wjxckdyhy20pvfxqo.png\",\"datePublished\":\"2021-07-29T04:45:51+00:00\",\"dateModified\":\"2025-07-22T02:13:14+00:00\",\"breadcrumb\":{\"@id\":\"https:\/\/tamchannuoc.vn\/lienhe\/#breadcrumb\"},\"inLanguage\":\"ja\",\"potentialAction\":[{\"@type\":\"ReadAction\",\"target\":[\"https:\/\/tamchannuoc.vn\/lienhe\/\"]}]},{\"@type\":\"ImageObject\",\"inLanguage\":\"ja\",\"@id\":\"https:\/\/tamchannuoc.vn\/lienhe\/#primaryimage\",\"url\":\"https:\/\/tamchannuoc.vn\/wp-content\/uploads\/elementor\/thumbs\/location-qt7wqil1xp9tc4pu1q2e9u3j9wjxckdyhy20pvfxqo.png\",\"contentUrl\":\"https:\/\/tamchannuoc.vn\/wp-content\/uploads\/elementor\/thumbs\/location-qt7wqil1xp9tc4pu1q2e9u3j9wjxckdyhy20pvfxqo.png\"},{\"@type\":\"BreadcrumbList\",\"@id\":\"https:\/\/tamchannuoc.vn\/lienhe\/#breadcrumb\",\"itemListElement\":[{\"@type\":\"ListItem\",\"position\":1,\"name\":\"Trang ch\u1ee7\",\"item\":\"https:\/\/tamchannuoc.vn\/\"},{\"@type\":\"ListItem\",\"position\":2,\"name\":\"Li\u00ean h\u1ec7\"}]},{\"@type\":\"WebSite\",\"@id\":\"https:\/\/tamchannuoc.vn\/#website\",\"url\":\"https:\/\/tamchannuoc.vn\/\",\"name\":\"Vina Chububika\",\"description\":\"C\u1eeda ch\u1eafn n\u01b0\u1edbc Nh\u1eadt B\u1ea3n\",\"publisher\":{\"@id\":\"https:\/\/tamchannuoc.vn\/#organization\"},\"alternateName\":\"T\u1ea5m ch\u1eafn n\u01b0\u1edbc\",\"potentialAction\":[{\"@type\":\"SearchAction\",\"target\":{\"@type\":\"EntryPoint\",\"urlTemplate\":\"https:\/\/tamchannuoc.vn\/?s={search_term_string}\"},\"query-input\":{\"@type\":\"PropertyValueSpecification\",\"valueRequired\":true,\"valueName\":\"search_term_string\"}}],\"inLanguage\":\"ja\"},{\"@type\":\"Organization\",\"@id\":\"https:\/\/tamchannuoc.vn\/#organization\",\"name\":\"Vina Chububika\",\"alternateName\":\"Chububika\",\"url\":\"https:\/\/tamchannuoc.vn\/\",\"logo\":{\"@type\":\"ImageObject\",\"inLanguage\":\"ja\",\"@id\":\"https:\/\/tamchannuoc.vn\/#\/schema\/logo\/image\/\",\"url\":\"https:\/\/tamchannuoc.vn\/wp-content\/uploads\/2021\/08\/9c5d0d8cab61053f5c70.jpg\",\"contentUrl\":\"https:\/\/tamchannuoc.vn\/wp-content\/uploads\/2021\/08\/9c5d0d8cab61053f5c70.jpg\",\"width\":1280,\"height\":604,\"caption\":\"Vina Chububika\"},\"image\":{\"@id\":\"https:\/\/tamchannuoc.vn\/#\/schema\/logo\/image\/\"},\"sameAs\":[\"https:\/\/www.facebook.com\/vnchububika\"],\"description\":\"Thi\u1ebft k\u1ebf, ph\u00e1t tri\u1ec3n v\u00e0 cung c\u1ea5p c\u00e1c s\u1ea3n ph\u1ea9m ti\u1ec7n \u00edch, hi\u1ec7u qu\u1ea3 cao trong l\u0129nh v\u1ef1c k\u1ef9 thu\u1eadt d\u00e2n d\u1ee5ng, n\u00f4ng nghi\u1ec7p, c\u1ea5p tho\u00e1t n\u01b0\u1edbc v\u00e0 c\u00e1c bi\u1ec7n ph\u00e1p ph\u00f2ng ch\u1ed1ng l\u0169 l\u1ee5t\",\"email\":\"vina.chububika.sales@gmail.com\",\"telephone\":\"0983887758\",\"legalName\":\"VINA CHUBUBIKA\",\"foundingDate\":\"2018-06-06\",\"taxID\":\"0315093576\",\"numberOfEmployees\":{\"@type\":\"QuantitativeValue\",\"minValue\":\"1\",\"maxValue\":\"10\"}}]}<\/script>\n<!-- \/ Yoast SEO Premium plugin. -->","yoast_head_json":{"title":"Li\u00ean h\u1ec7 - Vina Chububika","robots":{"index":"index","follow":"follow","max-snippet":"max-snippet:-1","max-image-preview":"max-image-preview:large","max-video-preview":"max-video-preview:-1"},"canonical":"https:\/\/tamchannuoc.vn\/ja\/lienhe\/","og_locale":"ja_JP","og_type":"article","og_title":"Li\u00ean h\u1ec7","og_description":"th\u00f4ng tin li\u00ean h\u1ec7 TR\u1ee4 S\u1ede VI\u1ec6T NAM S\u1ed1 6-6A \u0110\u01b0\u1eddng D52, Ph\u01b0\u1eddng B\u1ea3y Hi\u1ec1n, Th\u00e0nh ph\u1ed1 H\u1ed3 Ch\u00ed Minh. \u0110I\u1ec6N THO\u1ea0I 0983 88 77 58 EMAIL vina.chububika.sales@gmail.com ZALO C\u00d4NG TY TNHH VINA CHUBUBIKA Messenger C\u00d4NG TY TNHH VINA CHUBUBIKA TH\u1edcI GIAN L\u00c0M VI\u1ec6C Th\u1ee9 hai &#8211; Th\u1ee9 s\u00e1u: 8 AM &#8211; 17 PM B\u1ea0N C\u00d3 C\u00c2U H\u1eceI ? vUI L\u00d2NG \u0110I\u1ec0N TH\u00d4NG TIN","og_url":"https:\/\/tamchannuoc.vn\/ja\/lienhe\/","og_site_name":"Vina Chububika","article_publisher":"https:\/\/www.facebook.com\/vnchububika","article_modified_time":"2025-07-22T02:13:14+00:00","og_image":[{"url":"https:\/\/tamchannuoc.vn\/wp-content\/uploads\/elementor\/thumbs\/location-qt7wqil1xp9tc4pu1q2e9u3j9wjxckdyhy20pvfxqo.png"}],"twitter_card":"summary_large_image","twitter_misc":{"\u63a8\u5b9a\u8aad\u307f\u53d6\u308a\u6642\u9593":"2\u5206"},"schema":{"@context":"https:\/\/schema.org","@graph":[{"@type":"WebPage","@id":"https:\/\/tamchannuoc.vn\/lienhe\/","url":"https:\/\/tamchannuoc.vn\/lienhe\/","name":"Li\u00ean h\u1ec7 - Vina Chububika","isPartOf":{"@id":"https:\/\/tamchannuoc.vn\/#website"},"primaryImageOfPage":{"@id":"https:\/\/tamchannuoc.vn\/lienhe\/#primaryimage"},"image":{"@id":"https:\/\/tamchannuoc.vn\/lienhe\/#primaryimage"},"thumbnailUrl":"https:\/\/tamchannuoc.vn\/wp-content\/uploads\/elementor\/thumbs\/location-qt7wqil1xp9tc4pu1q2e9u3j9wjxckdyhy20pvfxqo.png","datePublished":"2021-07-29T04:45:51+00:00","dateModified":"2025-07-22T02:13:14+00:00","breadcrumb":{"@id":"https:\/\/tamchannuoc.vn\/lienhe\/#breadcrumb"},"inLanguage":"ja","potentialAction":[{"@type":"ReadAction","target":["https:\/\/tamchannuoc.vn\/lienhe\/"]}]},{"@type":"ImageObject","inLanguage":"ja","@id":"https:\/\/tamchannuoc.vn\/lienhe\/#primaryimage","url":"https:\/\/tamchannuoc.vn\/wp-content\/uploads\/elementor\/thumbs\/location-qt7wqil1xp9tc4pu1q2e9u3j9wjxckdyhy20pvfxqo.png","contentUrl":"https:\/\/tamchannuoc.vn\/wp-content\/uploads\/elementor\/thumbs\/location-qt7wqil1xp9tc4pu1q2e9u3j9wjxckdyhy20pvfxqo.png"},{"@type":"BreadcrumbList","@id":"https:\/\/tamchannuoc.vn\/lienhe\/#breadcrumb","itemListElement":[{"@type":"ListItem","position":1,"name":"Trang ch\u1ee7","item":"https:\/\/tamchannuoc.vn\/"},{"@type":"ListItem","position":2,"name":"Li\u00ean h\u1ec7"}]},{"@type":"WebSite","@id":"https:\/\/tamchannuoc.vn\/#website","url":"https:\/\/tamchannuoc.vn\/","name":"Vina Chububika","description":"C\u1eeda ch\u1eafn n\u01b0\u1edbc Nh\u1eadt B\u1ea3n","publisher":{"@id":"https:\/\/tamchannuoc.vn\/#organization"},"alternateName":"T\u1ea5m ch\u1eafn n\u01b0\u1edbc","potentialAction":[{"@type":"SearchAction","target":{"@type":"EntryPoint","urlTemplate":"https:\/\/tamchannuoc.vn\/?s={search_term_string}"},"query-input":{"@type":"PropertyValueSpecification","valueRequired":true,"valueName":"search_term_string"}}],"inLanguage":"ja"},{"@type":"Organization","@id":"https:\/\/tamchannuoc.vn\/#organization","name":"Vina Chububika","alternateName":"Chububika","url":"https:\/\/tamchannuoc.vn\/","logo":{"@type":"ImageObject","inLanguage":"ja","@id":"https:\/\/tamchannuoc.vn\/#\/schema\/logo\/image\/","url":"https:\/\/tamchannuoc.vn\/wp-content\/uploads\/2021\/08\/9c5d0d8cab61053f5c70.jpg","contentUrl":"https:\/\/tamchannuoc.vn\/wp-content\/uploads\/2021\/08\/9c5d0d8cab61053f5c70.jpg","width":1280,"height":604,"caption":"Vina Chububika"},"image":{"@id":"https:\/\/tamchannuoc.vn\/#\/schema\/logo\/image\/"},"sameAs":["https:\/\/www.facebook.com\/vnchububika"],"description":"Thi\u1ebft k\u1ebf, ph\u00e1t tri\u1ec3n v\u00e0 cung c\u1ea5p c\u00e1c s\u1ea3n ph\u1ea9m ti\u1ec7n \u00edch, hi\u1ec7u qu\u1ea3 cao trong l\u0129nh v\u1ef1c k\u1ef9 thu\u1eadt d\u00e2n d\u1ee5ng, n\u00f4ng nghi\u1ec7p, c\u1ea5p tho\u00e1t n\u01b0\u1edbc v\u00e0 c\u00e1c bi\u1ec7n ph\u00e1p ph\u00f2ng ch\u1ed1ng l\u0169 l\u1ee5t","email":"vina.chububika.sales@gmail.com","telephone":"0983887758","legalName":"VINA CHUBUBIKA","foundingDate":"2018-06-06","taxID":"0315093576","numberOfEmployees":{"@type":"QuantitativeValue","minValue":"1","maxValue":"10"}}]}},"_links":{"self":[{"href":"https:\/\/tamchannuoc.vn\/ja\/wp-json\/wp\/v2\/pages\/35","targetHints":{"allow":["GET"]}}],"collection":[{"href":"https:\/\/tamchannuoc.vn\/ja\/wp-json\/wp\/v2\/pages"}],"about":[{"href":"https:\/\/tamchannuoc.vn\/ja\/wp-json\/wp\/v2\/types\/page"}],"author":[{"embeddable":true,"href":"https:\/\/tamchannuoc.vn\/ja\/wp-json\/wp\/v2\/users\/2"}],"replies":[{"embeddable":true,"href":"https:\/\/tamchannuoc.vn\/ja\/wp-json\/wp\/v2\/comments?post=35"}],"version-history":[{"count":3,"href":"https:\/\/tamchannuoc.vn\/ja\/wp-json\/wp\/v2\/pages\/35\/revisions"}],"predecessor-version":[{"id":13169,"href":"https:\/\/tamchannuoc.vn\/ja\/wp-json\/wp\/v2\/pages\/35\/revisions\/13169"}],"wp:attachment":[{"href":"https:\/\/tamchannuoc.vn\/ja\/wp-json\/wp\/v2\/media?parent=35"}],"curies":[{"name":"wp","href":"https:\/\/api.w.org\/{rel}","templated":true}]}}